{"id":403,"date":"2021-08-20T21:32:11","date_gmt":"2021-08-20T21:32:11","guid":{"rendered":"https:\/\/motoequipos.com\/wp\/?page_id=403"},"modified":"2021-10-22T16:19:32","modified_gmt":"2021-10-22T16:19:32","slug":"centro-de-servicio","status":"publish","type":"page","link":"https:\/\/motoequipos.com\/wp\/centro-de-servicio\/","title":{"rendered":"Centro de Servicio"},"content":{"rendered":"<div class=\"vgblk-rw-wrapper limit-wrapper\">\n\n<h2>\n\tMantenimiento\n\t<\/h2>\n\t<p>En nuestro centro de servicio nos especializamos en el mantenimiento y reparaci\u00f3n de los equipos que distribuimos.<\/p>\n<h2>\n\tServicio\n\t<\/h2>\n\t<p>Contamos con personal capacitado y calificado que continuamente se est\u00e1 especializando para resolver sus dudas y especificaciones t\u00e9cnicas en el manejo de los equipos que distribuimos; as\u00ed mismo disponemos de refacciones y accesorios originales para su reparaci\u00f3n.<\/p>\n\n<\/div><!-- .vgblk-rw-wrapper -->","protected":false},"excerpt":{"rendered":"<p>Mantenimiento En nuestro centro de servicio nos especializamos en el mantenimiento y reparaci\u00f3n de los equipos que distribuimos. Servicio Contamos con personal capacitado y calificado que continuamente se est\u00e1 especializando para resolver sus dudas y especificaciones t\u00e9cnicas en el manejo de los equipos que distribuimos; as\u00ed mismo disponemos de refacciones y accesorios originales para su&#8230;<\/p>\n","protected":false},"author":1,"featured_media":0,"parent":0,"menu_order":0,"comment_status":"closed","ping_status":"closed","template":"","meta":[],"_links":{"self":[{"href":"https:\/\/motoequipos.com\/wp\/wp-json\/wp\/v2\/pages\/403"}],"collection":[{"href":"https:\/\/motoequipos.com\/wp\/wp-json\/wp\/v2\/pages"}],"about":[{"href":"https:\/\/motoequipos.com\/wp\/wp-json\/wp\/v2\/types\/page"}],"author":[{"embeddable":true,"href":"https:\/\/motoequipos.com\/wp\/wp-json\/wp\/v2\/users\/1"}],"replies":[{"embeddable":true,"href":"https:\/\/motoequipos.com\/wp\/wp-json\/wp\/v2\/comments?post=403"}],"version-history":[{"count":0,"href":"https:\/\/motoequipos.com\/wp\/wp-json\/wp\/v2\/pages\/403\/revisions"}],"wp:attachment":[{"href":"https:\/\/motoequipos.com\/wp\/wp-json\/wp\/v2\/media?parent=403"}],"curies":[{"name":"wp","href":"https:\/\/api.w.org\/{rel}","templated":true}]}}